{"id":111,"date":"2015-09-27T21:31:44","date_gmt":"2015-09-27T21:31:44","guid":{"rendered":"http:\/\/www.nhf.gl\/?page_id=111"},"modified":"2021-02-19T15:30:15","modified_gmt":"2021-02-19T15:30:15","slug":"om-foreningen","status":"publish","type":"page","link":"https:\/\/www.nhf.gl\/?page_id=111","title":{"rendered":"Om foreningen"},"content":{"rendered":"<p><img loading=\"lazy\" decoding=\"async\" class=\"alignleft wp-image-196 size-medium\" src=\"http:\/\/www.nhf.gl\/wp-content\/uploads\/2015\/09\/T\u00f8jmand1-lille-234x300.jpg\" alt=\"T\u00f8jmand1-lille\" width=\"234\" height=\"300\" srcset=\"https:\/\/www.nhf.gl\/wp-content\/uploads\/2015\/09\/T\u00f8jmand1-lille-234x300.jpg 234w, https:\/\/www.nhf.gl\/wp-content\/uploads\/2015\/09\/T\u00f8jmand1-lille-220x282.jpg 220w, https:\/\/www.nhf.gl\/wp-content\/uploads\/2015\/09\/T\u00f8jmand1-lille.jpg 600w\" sizes=\"auto, (max-width: 234px) 100vw, 234px\" \/><\/p>\n<p style=\"text-align: left;\">Nuuk Handelsstandsforening repr\u00e6senterer foreningens medlemmer i Kommuneqarfik Sermersooq indenfor detailhandel, service og liberale erhverv, som i f\u00e6llesskab st\u00f8tter bestr\u00e6belserne p\u00e5 at udvikle og styrke den lokale handel. Foreningen er ikke offentligt st\u00f8ttet og bestyrelsen best\u00e5r af medlemmer som frivilligt stiller deres arbejdskraft til r\u00e5dighed.<\/p>\n<p><img loading=\"lazy\" decoding=\"async\" class=\"alignnone wp-image-81\" src=\"http:\/\/www.nhf.gl\/wp-content\/uploads\/2012\/11\/logo.jpg\" alt=\"logo\" width=\"183\" height=\"148\" srcset=\"https:\/\/www.nhf.gl\/wp-content\/uploads\/2012\/11\/logo.jpg 400w, https:\/\/www.nhf.gl\/wp-content\/uploads\/2012\/11\/logo-300x243.jpg 300w, https:\/\/www.nhf.gl\/wp-content\/uploads\/2012\/11\/logo-370x300.jpg 370w\" sizes=\"auto, (max-width: 183px) 100vw, 183px\" \/><\/p>\n<p>&nbsp;<\/p>\n<p>Nuuk Handelsstandsforening s\u00f8rger bl.a. for:<\/p>\n<ul>\n<li><strong>Bidrager til markedsf\u00f8ring i lokale aviser og reklameblade samt andre medier.<\/strong><\/li>\n<li><strong>Planl\u00e6gger og gennemf\u00f8rer aktiviteter, kampagner og st\u00f8rre events.<\/strong><\/li>\n<li><strong>St\u00e5r bag det elektroniske gavekort.<\/strong><\/li>\n<li><strong>St\u00e5r bag bonuskortet Najugaqarfiga.<\/strong><\/li>\n<li><strong>Kontakt til offentlige myndigheder.<\/strong><\/li>\n<li><strong>Varetager medlemmernes interesser.<\/strong><\/li>\n<li><strong>Arbejder for samarbejde mellem turisme, kultur og handel for at opn\u00e5 synergieffekt og st\u00f8rre oms\u00e6tning og v\u00e6kst.<\/strong><\/li>\n<\/ul>\n","protected":false},"excerpt":{"rendered":"<p>Nuuk Handelsstandsforening repr\u00e6senterer foreningens medlemmer i Kommuneqarfik Sermersooq indenfor detailhandel, service og liberale erhverv, som i f\u00e6llesskab st\u00f8tter bestr\u00e6belserne p\u00e5 at udvikle og styrke den lokale handel. Foreningen er ikke offentligt st\u00f8ttet og bestyrelsen best\u00e5r af medlemmer som frivilligt stiller deres arbejdskraft til r\u00e5dighed. &nbsp; Nuuk Handelsstandsforening s\u00f8rger bl.a. for: Bidrager til markedsf\u00f8ring i lokale [&hellip;]<\/p>\n","protected":false},"author":1,"featured_media":0,"parent":0,"menu_order":4,"comment_status":"closed","ping_status":"closed","template":"","meta":{"footnotes":""},"class_list":["post-111","page","type-page","status-publish","hentry"],"_links":{"self":[{"href":"https:\/\/www.nhf.gl\/index.php?rest_route=\/wp\/v2\/pages\/111","targetHints":{"allow":["GET"]}}],"collection":[{"href":"https:\/\/www.nhf.gl\/index.php?rest_route=\/wp\/v2\/pages"}],"about":[{"href":"https:\/\/www.nhf.gl\/index.php?rest_route=\/wp\/v2\/types\/page"}],"author":[{"embeddable":true,"href":"https:\/\/www.nhf.gl\/index.php?rest_route=\/wp\/v2\/users\/1"}],"replies":[{"embeddable":true,"href":"https:\/\/www.nhf.gl\/index.php?rest_route=%2Fwp%2Fv2%2Fcomments&post=111"}],"version-history":[{"count":7,"href":"https:\/\/www.nhf.gl\/index.php?rest_route=\/wp\/v2\/pages\/111\/revisions"}],"predecessor-version":[{"id":206,"href":"https:\/\/www.nhf.gl\/index.php?rest_route=\/wp\/v2\/pages\/111\/revisions\/206"}],"wp:attachment":[{"href":"https:\/\/www.nhf.gl\/index.php?rest_route=%2Fwp%2Fv2%2Fmedia&parent=111"}],"curies":[{"name":"wp","href":"https:\/\/api.w.org\/{rel}","templated":true}]}}